{"id":153,"date":"2022-11-06T10:46:37","date_gmt":"2022-11-06T09:46:37","guid":{"rendered":"https:\/\/www.rgit.eu\/?page_id=153"},"modified":"2026-01-04T11:46:45","modified_gmt":"2026-01-04T10:46:45","slug":"interdb-interreg-monitoring-systeem","status":"publish","type":"page","link":"https:\/\/rgit.eu\/?page_id=153","title":{"rendered":"InterDB &#8211; Interreg monitoring systeem"},"content":{"rendered":"\n<p><\/p>\n\n\n\n<h2 class=\"wp-block-heading\"><strong>Introductie<\/strong><\/h2>\n\n\n\n<p>Met het InterDB-systeem biedt R.G.IT BV een volledig operationeel monitoringsysteem voor het beheer en de controle van EU-structuurfondsenprogramma\u2019s, b.v. INTERREG-programma\u2019s. De complexiteit van verschillende actoren en verschillende internationale regels is omgevormd tot een gebruiksvriendelijke applicatie, waarin elke partner zijn taken en workflow stappen beheert op zijn eigen computer thuis of op kantoor. Het InterDB-systeem wordt al sinds 2000 gebruikt en wordt elke periode bijgewerkt naar de laatste stand van de verordeningen en techniek. Het systeem is gebruikt tijdens de volgende programma&#8217;s: INTERREG IIIA- t\/m VIA-programma\u2019s Duitsland-Nederland en Maas-Rijn. Met altijd persoonlijke ondersteuning en korte communicatielijnen kan InterDB gemakkelijk en comfortabel worden ge\u00efmplementeerd in alle Europese landen. <\/p>\n\n\n\n<h2 class=\"wp-block-heading\">InterDB &#8211; Interreg VI<\/h2>\n\n\n\n<p><strong>Het InterDB-monitoringsysteem wordt momenteel gebruikt door het Duits-Nederlandse Interreg V en VI programma. De tool is volledig webgebaseerd en bevat een verbeterde gebruikersinterface. Het bevat ook opties voor document- en berichtuitwisseling om gemakkelijkere communicatie tussen de partners, de hoofdpartner en het programmasecretariaat mogelijk te maken, terwijl papierstromen en onveilige e-mails worden verminderd (e-cohesie). Directe SFC-communicatie wordt ondersteund.<\/strong><\/p>\n\n\n\n<h2 class=\"wp-block-heading\"><strong>InterDB \u2013 Project monitoring systeem<\/strong><\/h2>\n\n\n\n<p>Het InterDB-monitoringsysteem bewaakt projecten en beheert programma\u2019s. Te beginnen met de hoofdpartner die het systeem gebruikt om financiering aan te vragen door een aanvraagformulier in te vullen. Elke versie van deze applicatie wordt opgeslagen en kan later worden opgehaald. Aan het project is een workflowproces gekoppeld zodat elke stap in het beslissingsproces kan worden geregistreerd. Belangrijke documenten kunnen naar het systeem worden ge\u00fcpload. Zodra een aanvraag is goedgekeurd, kan de voortgang worden gevolgd. Financi\u00eble gegevens kunnen worden ingevoerd of ge\u00efmporteerd (met Excel als sjabloon). Deze kosten worden vervolgens automatisch verrekend met financi\u00eble deelname van elk van de financiers, met behulp van het laatst goedgekeurde financieringsplan uit het aanvraagformulier. Elke kosteninning is gekoppeld aan een eigen workflow die erop volgt van invoer tot goedkeuring. Elke stap laat een auditspoor achter. Eenmaal vrijgegeven voor betaling, toont het systeem de kosteninning in het projectbetalingsscherm. Hier kunnen betalingen en\/of vooruitbetalingen worden gedaan voor het EU-fonds of voor die financiers waarvan u heeft aangegeven dat de betalingen via dit systeem zullen worden gedaan. InterDB houdt de beschikbare fondsen bij. Elke periode (bijv. 6 maanden) moet de hoofdpartner een bepaalde checklist (vragenlijst) invullen en de resultaten van de indicatoren markeren (InterDB bevat een extra set indicatoren om de publiciteit te monitoren). Deze gegevens kunnen worden uitgeprint met behulp van het voortgangsrapport. Op programmaniveau worden de resultaten van de projecten samengevat om de voortgang van het programma weer te geven. Met behulp van de standaard rapportages of de rapportagegenerator kan uitgebreide informatie worden verkregen. N+2-regels kunnen worden geschat en SFC-rapporten kunnen vooraf worden bekeken. De volgende SFC-rapporten kunnen vanuit InterDB worden gegenereerd en worden ge\u00fcpload naar het SFC-systeem: betalingsverzoek, betalingsprognose en jaarverslag. Daar kan de gebruiker inloggen (met de toegangscodes van de SFC) en de ge\u00fcploade gegevens verifi\u00ebren en goedkeuren. Zo stelt InterDB de rapportages alleen op binnen de SFC. Zodra SFC de gegevens goedkeurt, kan InterDB de SFC-resultaten downloaden.<\/p>\n\n\n\n<h2 class=\"wp-block-heading\"><strong>Systeem<\/strong><\/h2>\n\n\n\n<ul class=\"wp-block-list\">\n<li>Webgebaseerde applicatie<\/li>\n\n\n\n<li>Gebruikersvriendelijk<\/li>\n\n\n\n<li>Hoofdpartner heeft directe toegang tot zijn projecten<\/li>\n\n\n\n<li>Centrale database (volledig toegankelijk voor de klant, Ms-SQL 2008 R2 of nieuwer)<\/li>\n\n\n\n<li>Database kan worden gebruikt om gegevens te leveren voor programmawebsite (d.w.z. projectzoekmachine)<\/li>\n\n\n\n<li>Communicatie is volledig versleuteld via HTTPS (poort 443)<\/li>\n\n\n\n<li>Ondersteunde talen: Engels en maximaal drie andere talen<\/li>\n\n\n\n<li>Toegangsrechten kunnen worden gedefinieerd voor individuele gebruikers<\/li>\n\n\n\n<li>Gekoppeld aan het centrale EC monitoring systeem (SFC).<\/li>\n\n\n\n<li>Voldoet volledig aan de EU-regelgeving VO (EG) 1080\/2006 en 1083\/2006. Het levert alle documenten zoals beschreven in verordening (EG) 1828\/2006<\/li>\n<\/ul>\n","protected":false},"excerpt":{"rendered":"<p>Introductie Met het InterDB-systeem biedt R.G.IT BV een volledig operationeel monitoringsysteem voor het beheer en de controle van EU-structuurfondsenprogramma\u2019s, b.v. INTERREG-programma\u2019s. De complexiteit van verschillende actoren en verschillende internationale regels is omgevormd tot een gebruiksvriendelijke applicatie, waarin elke partner zijn taken en workflow stappen beheert op zijn eigen computer thuis of op kantoor. Het InterDB-systeem &hellip; <a href=\"https:\/\/rgit.eu\/?page_id=153\" class=\"more-link\">Continue reading<span class=\"screen-reader-text\"> &#8220;InterDB &#8211; Interreg monitoring systeem&#8221;<\/span><\/a><\/p>\n","protected":false},"author":1,"featured_media":0,"parent":0,"menu_order":0,"comment_status":"closed","ping_status":"closed","template":"","meta":{"footnotes":""},"class_list":["post-153","page","type-page","status-publish","hentry"],"_links":{"self":[{"href":"https:\/\/rgit.eu\/index.php?rest_route=\/wp\/v2\/pages\/153","targetHints":{"allow":["GET"]}}],"collection":[{"href":"https:\/\/rgit.eu\/index.php?rest_route=\/wp\/v2\/pages"}],"about":[{"href":"https:\/\/rgit.eu\/index.php?rest_route=\/wp\/v2\/types\/page"}],"author":[{"embeddable":true,"href":"https:\/\/rgit.eu\/index.php?rest_route=\/wp\/v2\/users\/1"}],"replies":[{"embeddable":true,"href":"https:\/\/rgit.eu\/index.php?rest_route=%2Fwp%2Fv2%2Fcomments&post=153"}],"version-history":[{"count":4,"href":"https:\/\/rgit.eu\/index.php?rest_route=\/wp\/v2\/pages\/153\/revisions"}],"predecessor-version":[{"id":166,"href":"https:\/\/rgit.eu\/index.php?rest_route=\/wp\/v2\/pages\/153\/revisions\/166"}],"wp:attachment":[{"href":"https:\/\/rgit.eu\/index.php?rest_route=%2Fwp%2Fv2%2Fmedia&parent=153"}],"curies":[{"name":"wp","href":"https:\/\/api.w.org\/{rel}","templated":true}]}}